{"id":7805,"date":"2020-07-07T07:49:07","date_gmt":"2020-07-07T07:49:07","guid":{"rendered":"https:\/\/msgvirtual.com\/offshore-brcko-distrikt\/"},"modified":"2021-11-19T16:47:52","modified_gmt":"2021-11-19T14:47:52","slug":"offshore-brcko-distrikt","status":"publish","type":"page","link":"https:\/\/msgvirtual.com\/de\/offshore-brcko-distrikt\/","title":{"rendered":"Offshore"},"content":{"rendered":"<p>[vc_row][vc_column width=&#8221;2\/3&#8243; css=&#8221;.vc_custom_1519733751676{padding-right: 25px !important;}&#8221; offset=&#8221;vc_col-lg-8 vc_col-md-12 vc_col-xs-12&#8243;][vc_row_inner][vc_column_inner css=&#8221;.vc_custom_1516631527307{padding-left: 0px !important;}&#8221;][vc_column_text]Falls Sie ein internationals oder grenz\u00fcbergreifendes Gesch\u00e4ftsprojekt haben oder vorhaben, international Gesch\u00e4fte zu machen, brauchen Sie eine <strong>Offshore<\/strong>-Firma. Solange sie Staatsb\u00fcrgerschaft des Landes der Gr\u00fcndung Ihrer Firma nicht haben, wird Ihre Firma als Offshore-Firma betrachtet. Mit Offshoregesch\u00e4ften wird alles in Bezug auf die Gliederung der internationalen Gesch\u00e4ftst\u00e4tigkeit, Managen des Familienverm\u00f6gens oder Steuerplanung umfasst.<\/p>\n<p>Br\u010dko Distrikt BuH hat durch seine gesetzlichen Regelungen das Ziel, wirtschaftliche Entwicklung der juristischen Personen zu f\u00f6rdern, Erwerbst\u00e4tigkeit zu erh\u00f6hen, Wettbewerbf\u00e4higkeit aufzubessern und neue Kapitalanleger in Region Distrikt zu locken.[\/vc_column_text][\/vc_column_inner][\/vc_row_inner][vc_empty_space]<a  href=\"https:\/\/msgvirtual.com\/de\/kontakt\/\"  target=\"_self\"  title=\"Kontakt\" class=\"tt_button tt_primary_button btn_primary_color  pull-left button-action-link\" ><span class=\"prim_text\">Firma registrieren<\/span><\/a>[\/vc_column][vc_column width=&#8221;1\/3&#8243; offset=&#8221;vc_col-lg-4 vc_col-md-12 vc_col-xs-12&#8243;][vc_widget_sidebar sidebar_id=&#8221;page-sidebar&#8221;][\/vc_column][\/vc_row]<\/p>\n","protected":false},"excerpt":{"rendered":"<p>[vc_row][vc_column width=&#8221;2\/3&#8243; css=&#8221;.vc_custom_1519733751676{padding-right: 25px !important;}&#8221; offset=&#8221;vc_col-lg-8 vc_col-md-12 vc_col-xs-12&#8243;][vc_row_inner][vc_column_inner css=&#8221;.vc_custom_1516631527307{padding-left: 0px !important;}&#8221;][vc_column_text]Falls Sie ein internationals oder [&hellip;]<\/p>\n","protected":false},"author":1,"featured_media":8209,"parent":0,"menu_order":0,"comment_status":"closed","ping_status":"closed","template":"","meta":{"footnotes":""},"yoast_head":"<!-- This site is optimized with the Yoast SEO plugin v21.9.1 - https:\/\/yoast.com\/wordpress\/plugins\/seo\/ -->\n<title>Offshore - MSG Virtual<\/title>\n<meta name=\"robots\" content=\"index, follow, max-snippet:-1, max-image-preview:large, max-video-preview:-1\" \/>\n<link rel=\"canonical\" href=\"https:\/\/msgvirtual.com\/offshore-brcko-distrikt\/\" \/>\n<meta property=\"og:locale\" content=\"de_DE\" \/>\n<meta property=\"og:type\" content=\"article\" \/>\n<meta property=\"og:title\" content=\"Offshore - MSG Virtual\" \/>\n<meta property=\"og:description\" content=\"[vc_row][vc_column width=&#8221;2\/3&#8243; css=&#8221;.vc_custom_1519733751676{padding-right: 25px !important;}&#8221; offset=&#8221;vc_col-lg-8 vc_col-md-12 vc_col-xs-12&#8243;][vc_row_inner][vc_column_inner css=&#8221;.vc_custom_1516631527307{padding-left: 0px !important;}&#8221;][vc_column_text]Falls Sie ein internationals oder [&hellip;]\" \/>\n<meta property=\"og:url\" content=\"https:\/\/msgvirtual.com\/offshore-brcko-distrikt\/\" \/>\n<meta property=\"og:site_name\" content=\"MSG Virtual\" \/>\n<meta property=\"article:publisher\" content=\"https:\/\/www.facebook.com\/msgvirtual\/\" \/>\n<meta property=\"article:modified_time\" content=\"2021-11-19T14:47:52+00:00\" \/>\n<meta property=\"og:image\" content=\"https:\/\/msgvirtual.com\/wp-content\/uploads\/2021\/10\/cover390.jpg\" \/>\n\t<meta property=\"og:image:width\" content=\"1900\" \/>\n\t<meta property=\"og:image:height\" content=\"390\" \/>\n\t<meta property=\"og:image:type\" content=\"image\/jpeg\" \/>\n<meta name=\"twitter:card\" content=\"summary_large_image\" \/>\n<meta name=\"twitter:label1\" content=\"Gesch\u00e4tzte Lesezeit\" \/>\n\t<meta name=\"twitter:data1\" content=\"1\u00a0Minute\" \/>\n<script type=\"application\/ld+json\" class=\"yoast-schema-graph\">{\"@context\":\"https:\/\/schema.org\",\"@graph\":[{\"@type\":\"WebPage\",\"@id\":\"https:\/\/msgvirtual.com\/offshore-brcko-distrikt\/\",\"url\":\"https:\/\/msgvirtual.com\/offshore-brcko-distrikt\/\",\"name\":\"Offshore - MSG Virtual\",\"isPartOf\":{\"@id\":\"https:\/\/msgvirtual.com\/#website\"},\"datePublished\":\"2020-07-07T07:49:07+00:00\",\"dateModified\":\"2021-11-19T14:47:52+00:00\",\"breadcrumb\":{\"@id\":\"https:\/\/msgvirtual.com\/offshore-brcko-distrikt\/#breadcrumb\"},\"inLanguage\":\"de\",\"potentialAction\":[{\"@type\":\"ReadAction\",\"target\":[\"https:\/\/msgvirtual.com\/offshore-brcko-distrikt\/\"]}]},{\"@type\":\"BreadcrumbList\",\"@id\":\"https:\/\/msgvirtual.com\/offshore-brcko-distrikt\/#breadcrumb\",\"itemListElement\":[{\"@type\":\"ListItem\",\"position\":1,\"name\":\"Po\u010detna\",\"item\":\"https:\/\/msgvirtual.com\/\"},{\"@type\":\"ListItem\",\"position\":2,\"name\":\"Offshore\"}]},{\"@type\":\"WebSite\",\"@id\":\"https:\/\/msgvirtual.com\/#website\",\"url\":\"https:\/\/msgvirtual.com\/\",\"name\":\"MSG Virtual\",\"description\":\"Virtuelna kancelarija Br\u010dko\",\"publisher\":{\"@id\":\"https:\/\/msgvirtual.com\/#organization\"},\"potentialAction\":[{\"@type\":\"SearchAction\",\"target\":{\"@type\":\"EntryPoint\",\"urlTemplate\":\"https:\/\/msgvirtual.com\/?s={search_term_string}\"},\"query-input\":\"required name=search_term_string\"}],\"inLanguage\":\"de\"},{\"@type\":\"Organization\",\"@id\":\"https:\/\/msgvirtual.com\/#organization\",\"name\":\"MSG Virtual\",\"url\":\"https:\/\/msgvirtual.com\/\",\"logo\":{\"@type\":\"ImageObject\",\"inLanguage\":\"de\",\"@id\":\"https:\/\/msgvirtual.com\/#\/schema\/logo\/image\/\",\"url\":\"https:\/\/msgvirtual.com\/wp-content\/uploads\/2020\/07\/MSG-virtual-logo.png\",\"contentUrl\":\"https:\/\/msgvirtual.com\/wp-content\/uploads\/2020\/07\/MSG-virtual-logo.png\",\"width\":1277,\"height\":568,\"caption\":\"MSG Virtual\"},\"image\":{\"@id\":\"https:\/\/msgvirtual.com\/#\/schema\/logo\/image\/\"},\"sameAs\":[\"https:\/\/www.facebook.com\/msgvirtual\/\"]}]}<\/script>\n<!-- \/ Yoast SEO plugin. -->","yoast_head_json":{"title":"Offshore - MSG Virtual","robots":{"index":"index","follow":"follow","max-snippet":"max-snippet:-1","max-image-preview":"max-image-preview:large","max-video-preview":"max-video-preview:-1"},"canonical":"https:\/\/msgvirtual.com\/offshore-brcko-distrikt\/","og_locale":"de_DE","og_type":"article","og_title":"Offshore - MSG Virtual","og_description":"[vc_row][vc_column width=&#8221;2\/3&#8243; css=&#8221;.vc_custom_1519733751676{padding-right: 25px !important;}&#8221; offset=&#8221;vc_col-lg-8 vc_col-md-12 vc_col-xs-12&#8243;][vc_row_inner][vc_column_inner css=&#8221;.vc_custom_1516631527307{padding-left: 0px !important;}&#8221;][vc_column_text]Falls Sie ein internationals oder [&hellip;]","og_url":"https:\/\/msgvirtual.com\/offshore-brcko-distrikt\/","og_site_name":"MSG Virtual","article_publisher":"https:\/\/www.facebook.com\/msgvirtual\/","article_modified_time":"2021-11-19T14:47:52+00:00","og_image":[{"width":1900,"height":390,"url":"https:\/\/msgvirtual.com\/wp-content\/uploads\/2021\/10\/cover390.jpg","type":"image\/jpeg"}],"twitter_card":"summary_large_image","twitter_misc":{"Gesch\u00e4tzte Lesezeit":"1\u00a0Minute"},"schema":{"@context":"https:\/\/schema.org","@graph":[{"@type":"WebPage","@id":"https:\/\/msgvirtual.com\/offshore-brcko-distrikt\/","url":"https:\/\/msgvirtual.com\/offshore-brcko-distrikt\/","name":"Offshore - MSG Virtual","isPartOf":{"@id":"https:\/\/msgvirtual.com\/#website"},"datePublished":"2020-07-07T07:49:07+00:00","dateModified":"2021-11-19T14:47:52+00:00","breadcrumb":{"@id":"https:\/\/msgvirtual.com\/offshore-brcko-distrikt\/#breadcrumb"},"inLanguage":"de","potentialAction":[{"@type":"ReadAction","target":["https:\/\/msgvirtual.com\/offshore-brcko-distrikt\/"]}]},{"@type":"BreadcrumbList","@id":"https:\/\/msgvirtual.com\/offshore-brcko-distrikt\/#breadcrumb","itemListElement":[{"@type":"ListItem","position":1,"name":"Po\u010detna","item":"https:\/\/msgvirtual.com\/"},{"@type":"ListItem","position":2,"name":"Offshore"}]},{"@type":"WebSite","@id":"https:\/\/msgvirtual.com\/#website","url":"https:\/\/msgvirtual.com\/","name":"MSG Virtual","description":"Virtuelna kancelarija Br\u010dko","publisher":{"@id":"https:\/\/msgvirtual.com\/#organization"},"potentialAction":[{"@type":"SearchAction","target":{"@type":"EntryPoint","urlTemplate":"https:\/\/msgvirtual.com\/?s={search_term_string}"},"query-input":"required name=search_term_string"}],"inLanguage":"de"},{"@type":"Organization","@id":"https:\/\/msgvirtual.com\/#organization","name":"MSG Virtual","url":"https:\/\/msgvirtual.com\/","logo":{"@type":"ImageObject","inLanguage":"de","@id":"https:\/\/msgvirtual.com\/#\/schema\/logo\/image\/","url":"https:\/\/msgvirtual.com\/wp-content\/uploads\/2020\/07\/MSG-virtual-logo.png","contentUrl":"https:\/\/msgvirtual.com\/wp-content\/uploads\/2020\/07\/MSG-virtual-logo.png","width":1277,"height":568,"caption":"MSG Virtual"},"image":{"@id":"https:\/\/msgvirtual.com\/#\/schema\/logo\/image\/"},"sameAs":["https:\/\/www.facebook.com\/msgvirtual\/"]}]}},"_links":{"self":[{"href":"https:\/\/msgvirtual.com\/de\/wp-json\/wp\/v2\/pages\/7805"}],"collection":[{"href":"https:\/\/msgvirtual.com\/de\/wp-json\/wp\/v2\/pages"}],"about":[{"href":"https:\/\/msgvirtual.com\/de\/wp-json\/wp\/v2\/types\/page"}],"author":[{"embeddable":true,"href":"https:\/\/msgvirtual.com\/de\/wp-json\/wp\/v2\/users\/1"}],"replies":[{"embeddable":true,"href":"https:\/\/msgvirtual.com\/de\/wp-json\/wp\/v2\/comments?post=7805"}],"version-history":[{"count":3,"href":"https:\/\/msgvirtual.com\/de\/wp-json\/wp\/v2\/pages\/7805\/revisions"}],"predecessor-version":[{"id":7989,"href":"https:\/\/msgvirtual.com\/de\/wp-json\/wp\/v2\/pages\/7805\/revisions\/7989"}],"wp:featuredmedia":[{"embeddable":true,"href":"https:\/\/msgvirtual.com\/de\/wp-json\/wp\/v2\/media\/8209"}],"wp:attachment":[{"href":"https:\/\/msgvirtual.com\/de\/wp-json\/wp\/v2\/media?parent=7805"}],"curies":[{"name":"wp","href":"https:\/\/api.w.org\/{rel}","templated":true}]}}