{"id":7800,"date":"2020-06-30T06:18:28","date_gmt":"2020-06-30T06:18:28","guid":{"rendered":"https:\/\/msgvirtual.com\/registracija-drustva-sa-ogranicenom-odgovornoscu-doo\/"},"modified":"2021-11-19T17:11:41","modified_gmt":"2021-11-19T15:11:41","slug":"registracija-drustva-sa-ogranicenom-odgovornoscu-doo","status":"publish","type":"page","link":"https:\/\/msgvirtual.com\/de\/registracija-drustva-sa-ogranicenom-odgovornoscu-doo\/","title":{"rendered":"Registrierung einer Gesellschaft mit beschr\u00e4nkter Haftung (GmbH)"},"content":{"rendered":"<p>[vc_row][vc_column width=&#8221;2\/3&#8243; css=&#8221;.vc_custom_1519733751676{padding-right: 25px !important;}&#8221; offset=&#8221;vc_col-lg-8 vc_col-md-12 vc_col-xs-12&#8243;][vc_row_inner][vc_column_inner css=&#8221;.vc_custom_1516631527307{padding-left: 0px !important;}&#8221;][vc_column_text]Dem Antrag auf die Eintragung der Gesellschaften mit beschr\u00e4nkter Haftung in das Firmenbuch sind folgende Unterlagen beizuf\u00fcgen:<\/p>\n<ul>\n<li>Personalausweis, Reisedokument oder Auszug aus dem passenden Firmenbuch, mit dem die Identit\u00e4t des Gr\u00fcnders f\u00fcr aus- oder inl\u00e4ndische nat\u00fcrliche oder juristische Person festgelegt wird;<\/li>\n<li>Personalausweis, Reisedokument oder entsprechende Anmeldung bei der zust\u00e4ndigen Beh\u00f6rde f\u00fcr innere Angelegenheiten, die Identit\u00e4t des Gr\u00fcnders f\u00fcr aus- oder inl\u00e4ndische nat\u00fcrliche oder juristische Person nachweist;<\/li>\n<li>Personalausweis oder Reisedokument, mit dem die Identit\u00e4t der zur Vertretung befugten Person festgelegt wird, bzw. Vorstellung des Eintragungssubjektes und beglaubigte Unterzeichnung dieser Person;<\/li>\n<li>Gr\u00fcndungsakt;<\/li>\n<li>Nachweis der Bank \u00fcber eingezahlte Bareinlage, bzw. Nachweis \u00fcber den Wert der in die Gesellschaft eingebrachten Sachen und Rechte (Sacheinlage), falls das Kapital in die Gesellschaft vor der Gr\u00fcndung eingezahlt oder eingebracht wird;<\/li>\n<li>Beschluss \u00fcber die Ernennung der zur Vertretung befugten Person, falls sie nicht mit dem Gr\u00fcndungsakt ernannt wurde;<\/li>\n<li>beglaubigte Unterzeichnung der zur Vertretung befugten Person;<\/li>\n<li>Erkl\u00e4rungen \u00fcber erf\u00fcllte Voraussetzungen f\u00fcr Dienstleistungsbetrieb gem. einem besonderen Gesetz.<\/li>\n<li>Dem Antrag auf die Eintragung in das Firmenbuch einer Einpersonengesellschaft ist, nebst vorhin angef\u00fchrter Urkunden, auch der Nachweis der Haftung f\u00fcr nicht eingezahlten Anteil der Bareinlage, bzw. f\u00fcr den Wert der nicht eingebrachten Sacheinlage beizuf\u00fcgen.<\/li>\n<\/ul>\n<p>[\/vc_column_text][\/vc_column_inner][\/vc_row_inner][vc_empty_space]<a  href=\"https:\/\/msgvirtual.com\/de\/kontakt\/\"  target=\"_self\"  title=\"Kontakt\" class=\"tt_button tt_primary_button btn_primary_color  pull-left button-action-link\" ><span class=\"prim_text\">Firma registrieren<\/span><\/a>[\/vc_column][vc_column width=&#8221;1\/3&#8243; offset=&#8221;vc_col-lg-4 vc_col-md-12 vc_col-xs-12&#8243;][vc_widget_sidebar sidebar_id=&#8221;page-sidebar&#8221;][\/vc_column][\/vc_row]<\/p>\n","protected":false},"excerpt":{"rendered":"<p>[vc_row][vc_column width=&#8221;2\/3&#8243; css=&#8221;.vc_custom_1519733751676{padding-right: 25px !important;}&#8221; offset=&#8221;vc_col-lg-8 vc_col-md-12 vc_col-xs-12&#8243;][vc_row_inner][vc_column_inner css=&#8221;.vc_custom_1516631527307{padding-left: 0px !important;}&#8221;][vc_column_text]Dem Antrag auf die Eintragung [&hellip;]<\/p>\n","protected":false},"author":1,"featured_media":8209,"parent":0,"menu_order":0,"comment_status":"closed","ping_status":"closed","template":"","meta":{"footnotes":""},"yoast_head":"<!-- This site is optimized with the Yoast SEO plugin v21.9.1 - https:\/\/yoast.com\/wordpress\/plugins\/seo\/ -->\n<title>Registrierung einer Gesellschaft mit beschr\u00e4nkter Haftung (GmbH) - MSG Virtual<\/title>\n<meta name=\"robots\" content=\"index, follow, max-snippet:-1, max-image-preview:large, max-video-preview:-1\" \/>\n<link rel=\"canonical\" href=\"https:\/\/msgvirtual.com\/registracija-drustva-sa-ogranicenom-odgovornoscu-doo\/\" \/>\n<meta property=\"og:locale\" content=\"de_DE\" \/>\n<meta property=\"og:type\" content=\"article\" \/>\n<meta property=\"og:title\" content=\"Registrierung einer Gesellschaft mit beschr\u00e4nkter Haftung (GmbH) - MSG Virtual\" \/>\n<meta property=\"og:description\" content=\"[vc_row][vc_column width=&#8221;2\/3&#8243; css=&#8221;.vc_custom_1519733751676{padding-right: 25px !important;}&#8221; offset=&#8221;vc_col-lg-8 vc_col-md-12 vc_col-xs-12&#8243;][vc_row_inner][vc_column_inner css=&#8221;.vc_custom_1516631527307{padding-left: 0px !important;}&#8221;][vc_column_text]Dem Antrag auf die Eintragung [&hellip;]\" \/>\n<meta property=\"og:url\" content=\"https:\/\/msgvirtual.com\/registracija-drustva-sa-ogranicenom-odgovornoscu-doo\/\" \/>\n<meta property=\"og:site_name\" content=\"MSG Virtual\" \/>\n<meta property=\"article:publisher\" content=\"https:\/\/www.facebook.com\/msgvirtual\/\" \/>\n<meta property=\"article:modified_time\" content=\"2021-11-19T15:11:41+00:00\" \/>\n<meta property=\"og:image\" content=\"https:\/\/msgvirtual.com\/wp-content\/uploads\/2021\/10\/cover390.jpg\" \/>\n\t<meta property=\"og:image:width\" content=\"1900\" \/>\n\t<meta property=\"og:image:height\" content=\"390\" \/>\n\t<meta property=\"og:image:type\" content=\"image\/jpeg\" \/>\n<meta name=\"twitter:card\" content=\"summary_large_image\" \/>\n<meta name=\"twitter:label1\" content=\"Gesch\u00e4tzte Lesezeit\" \/>\n\t<meta name=\"twitter:data1\" content=\"2\u00a0Minuten\" \/>\n<script type=\"application\/ld+json\" class=\"yoast-schema-graph\">{\"@context\":\"https:\/\/schema.org\",\"@graph\":[{\"@type\":\"WebPage\",\"@id\":\"https:\/\/msgvirtual.com\/registracija-drustva-sa-ogranicenom-odgovornoscu-doo\/\",\"url\":\"https:\/\/msgvirtual.com\/registracija-drustva-sa-ogranicenom-odgovornoscu-doo\/\",\"name\":\"Registrierung einer Gesellschaft mit beschr\u00e4nkter Haftung (GmbH) - MSG Virtual\",\"isPartOf\":{\"@id\":\"https:\/\/msgvirtual.com\/#website\"},\"datePublished\":\"2020-06-30T06:18:28+00:00\",\"dateModified\":\"2021-11-19T15:11:41+00:00\",\"breadcrumb\":{\"@id\":\"https:\/\/msgvirtual.com\/registracija-drustva-sa-ogranicenom-odgovornoscu-doo\/#breadcrumb\"},\"inLanguage\":\"de\",\"potentialAction\":[{\"@type\":\"ReadAction\",\"target\":[\"https:\/\/msgvirtual.com\/registracija-drustva-sa-ogranicenom-odgovornoscu-doo\/\"]}]},{\"@type\":\"BreadcrumbList\",\"@id\":\"https:\/\/msgvirtual.com\/registracija-drustva-sa-ogranicenom-odgovornoscu-doo\/#breadcrumb\",\"itemListElement\":[{\"@type\":\"ListItem\",\"position\":1,\"name\":\"Po\u010detna\",\"item\":\"https:\/\/msgvirtual.com\/\"},{\"@type\":\"ListItem\",\"position\":2,\"name\":\"Registrierung einer Gesellschaft mit beschr\u00e4nkter Haftung (GmbH)\"}]},{\"@type\":\"WebSite\",\"@id\":\"https:\/\/msgvirtual.com\/#website\",\"url\":\"https:\/\/msgvirtual.com\/\",\"name\":\"MSG Virtual\",\"description\":\"Virtuelna kancelarija Br\u010dko\",\"publisher\":{\"@id\":\"https:\/\/msgvirtual.com\/#organization\"},\"potentialAction\":[{\"@type\":\"SearchAction\",\"target\":{\"@type\":\"EntryPoint\",\"urlTemplate\":\"https:\/\/msgvirtual.com\/?s={search_term_string}\"},\"query-input\":\"required name=search_term_string\"}],\"inLanguage\":\"de\"},{\"@type\":\"Organization\",\"@id\":\"https:\/\/msgvirtual.com\/#organization\",\"name\":\"MSG Virtual\",\"url\":\"https:\/\/msgvirtual.com\/\",\"logo\":{\"@type\":\"ImageObject\",\"inLanguage\":\"de\",\"@id\":\"https:\/\/msgvirtual.com\/#\/schema\/logo\/image\/\",\"url\":\"https:\/\/msgvirtual.com\/wp-content\/uploads\/2020\/07\/MSG-virtual-logo.png\",\"contentUrl\":\"https:\/\/msgvirtual.com\/wp-content\/uploads\/2020\/07\/MSG-virtual-logo.png\",\"width\":1277,\"height\":568,\"caption\":\"MSG Virtual\"},\"image\":{\"@id\":\"https:\/\/msgvirtual.com\/#\/schema\/logo\/image\/\"},\"sameAs\":[\"https:\/\/www.facebook.com\/msgvirtual\/\"]}]}<\/script>\n<!-- \/ Yoast SEO plugin. -->","yoast_head_json":{"title":"Registrierung einer Gesellschaft mit beschr\u00e4nkter Haftung (GmbH) - MSG Virtual","robots":{"index":"index","follow":"follow","max-snippet":"max-snippet:-1","max-image-preview":"max-image-preview:large","max-video-preview":"max-video-preview:-1"},"canonical":"https:\/\/msgvirtual.com\/registracija-drustva-sa-ogranicenom-odgovornoscu-doo\/","og_locale":"de_DE","og_type":"article","og_title":"Registrierung einer Gesellschaft mit beschr\u00e4nkter Haftung (GmbH) - MSG Virtual","og_description":"[vc_row][vc_column width=&#8221;2\/3&#8243; css=&#8221;.vc_custom_1519733751676{padding-right: 25px !important;}&#8221; offset=&#8221;vc_col-lg-8 vc_col-md-12 vc_col-xs-12&#8243;][vc_row_inner][vc_column_inner css=&#8221;.vc_custom_1516631527307{padding-left: 0px !important;}&#8221;][vc_column_text]Dem Antrag auf die Eintragung [&hellip;]","og_url":"https:\/\/msgvirtual.com\/registracija-drustva-sa-ogranicenom-odgovornoscu-doo\/","og_site_name":"MSG Virtual","article_publisher":"https:\/\/www.facebook.com\/msgvirtual\/","article_modified_time":"2021-11-19T15:11:41+00:00","og_image":[{"width":1900,"height":390,"url":"https:\/\/msgvirtual.com\/wp-content\/uploads\/2021\/10\/cover390.jpg","type":"image\/jpeg"}],"twitter_card":"summary_large_image","twitter_misc":{"Gesch\u00e4tzte Lesezeit":"2\u00a0Minuten"},"schema":{"@context":"https:\/\/schema.org","@graph":[{"@type":"WebPage","@id":"https:\/\/msgvirtual.com\/registracija-drustva-sa-ogranicenom-odgovornoscu-doo\/","url":"https:\/\/msgvirtual.com\/registracija-drustva-sa-ogranicenom-odgovornoscu-doo\/","name":"Registrierung einer Gesellschaft mit beschr\u00e4nkter Haftung (GmbH) - MSG Virtual","isPartOf":{"@id":"https:\/\/msgvirtual.com\/#website"},"datePublished":"2020-06-30T06:18:28+00:00","dateModified":"2021-11-19T15:11:41+00:00","breadcrumb":{"@id":"https:\/\/msgvirtual.com\/registracija-drustva-sa-ogranicenom-odgovornoscu-doo\/#breadcrumb"},"inLanguage":"de","potentialAction":[{"@type":"ReadAction","target":["https:\/\/msgvirtual.com\/registracija-drustva-sa-ogranicenom-odgovornoscu-doo\/"]}]},{"@type":"BreadcrumbList","@id":"https:\/\/msgvirtual.com\/registracija-drustva-sa-ogranicenom-odgovornoscu-doo\/#breadcrumb","itemListElement":[{"@type":"ListItem","position":1,"name":"Po\u010detna","item":"https:\/\/msgvirtual.com\/"},{"@type":"ListItem","position":2,"name":"Registrierung einer Gesellschaft mit beschr\u00e4nkter Haftung (GmbH)"}]},{"@type":"WebSite","@id":"https:\/\/msgvirtual.com\/#website","url":"https:\/\/msgvirtual.com\/","name":"MSG Virtual","description":"Virtuelna kancelarija Br\u010dko","publisher":{"@id":"https:\/\/msgvirtual.com\/#organization"},"potentialAction":[{"@type":"SearchAction","target":{"@type":"EntryPoint","urlTemplate":"https:\/\/msgvirtual.com\/?s={search_term_string}"},"query-input":"required name=search_term_string"}],"inLanguage":"de"},{"@type":"Organization","@id":"https:\/\/msgvirtual.com\/#organization","name":"MSG Virtual","url":"https:\/\/msgvirtual.com\/","logo":{"@type":"ImageObject","inLanguage":"de","@id":"https:\/\/msgvirtual.com\/#\/schema\/logo\/image\/","url":"https:\/\/msgvirtual.com\/wp-content\/uploads\/2020\/07\/MSG-virtual-logo.png","contentUrl":"https:\/\/msgvirtual.com\/wp-content\/uploads\/2020\/07\/MSG-virtual-logo.png","width":1277,"height":568,"caption":"MSG Virtual"},"image":{"@id":"https:\/\/msgvirtual.com\/#\/schema\/logo\/image\/"},"sameAs":["https:\/\/www.facebook.com\/msgvirtual\/"]}]}},"_links":{"self":[{"href":"https:\/\/msgvirtual.com\/de\/wp-json\/wp\/v2\/pages\/7800"}],"collection":[{"href":"https:\/\/msgvirtual.com\/de\/wp-json\/wp\/v2\/pages"}],"about":[{"href":"https:\/\/msgvirtual.com\/de\/wp-json\/wp\/v2\/types\/page"}],"author":[{"embeddable":true,"href":"https:\/\/msgvirtual.com\/de\/wp-json\/wp\/v2\/users\/1"}],"replies":[{"embeddable":true,"href":"https:\/\/msgvirtual.com\/de\/wp-json\/wp\/v2\/comments?post=7800"}],"version-history":[{"count":4,"href":"https:\/\/msgvirtual.com\/de\/wp-json\/wp\/v2\/pages\/7800\/revisions"}],"predecessor-version":[{"id":8399,"href":"https:\/\/msgvirtual.com\/de\/wp-json\/wp\/v2\/pages\/7800\/revisions\/8399"}],"wp:featuredmedia":[{"embeddable":true,"href":"https:\/\/msgvirtual.com\/de\/wp-json\/wp\/v2\/media\/8209"}],"wp:attachment":[{"href":"https:\/\/msgvirtual.com\/de\/wp-json\/wp\/v2\/media?parent=7800"}],"curies":[{"name":"wp","href":"https:\/\/api.w.org\/{rel}","templated":true}]}}